{"id":11,"date":"2021-09-14T19:36:12","date_gmt":"2021-09-14T19:36:12","guid":{"rendered":"https:\/\/main.neoscloudllc.com\/?page_id=11"},"modified":"2021-11-12T13:06:05","modified_gmt":"2021-11-12T13:06:05","slug":"products","status":"publish","type":"page","link":"https:\/\/neoscloudllc.com\/es\/products\/","title":{"rendered":"Productos"},"content":{"rendered":"<div data-vc-full-width=\"true\" data-vc-full-width-init=\"false\" data-vc-stretch-content=\"true\" class=\"vc_row wpb_row vc_row-fluid vc_row-no-padding\"><div class=\"banner-column wpb_column vc_column_container vc_col-sm-12\"><div class=\"vc_column-inner\"><div class=\"wpb_wrapper\"><div id=\"ultib3-57329588869d00022b13a9\" class=\"ultb3-box ult-adjust-bottom-margin\" style=\"background-color: #ffffff;\"><div class=\"ultb3-box-overlay\" style=\"background:rgba(10,10,10,0.5);\"><\/div><img decoding=\"async\" src=\"https:\/\/neoscloudllc.com\/wp-content\/uploads\/2021\/09\/product-banner-scaled.jpeg\" style=\"\" class=\"ultb3-img ultb3-img-center\" alt=\"null\"\/><div id=\"Info-banner-wrap8623\" class=\"ultb3-info ib3-info-center\" data-animation=\"\" data-animation-delay=\"03\"><div class=\"ultb3-title ult-responsive\"  data-ultimate-target='#Info-banner-wrap8623 .ultb3-title'  data-responsive-json-new='{\"font-size\":\"\",\"line-height\":\"\"}'  style=\"font-weight:normal;color:#ffffff;\">Nuestros Productos<\/div><div class=\"ultb3-desc ult-responsive\"  data-ultimate-target='#Info-banner-wrap8623 .ultb3-desc'  data-responsive-json-new='{\"font-size\":\"\",\"line-height\":\"\"}'  style=\"font-weight:normal;color:#ffffff;\">Soluciones dise\u00f1adas a las necesidades de nuestros clientes.<\/div><\/div><\/div><style>\r\n\t\t\t\t\t#ultib3-57329588869d00022b13a9 {\r\n\t\t\t\t\t\tmin-height:450px;\r\n\t\t\t\t\t}\r\n\t\t\t\t\t#ultib3-57329588869d00022b13a9 img.ultb3-img {\r\n\t\t\t\t\t\theight: px;\r\n\t\t\t\t\t}\r\n\t\t\t\t\t#ultib3-57329588869d00022b13a9 .ultb3-btn {\r\n\t\t\t\t\t\tborder:2px solid #1e73be;border-radius:50px;color:#898989;\r\n\t\t\t\t\t}\r\n\t\t\t\t\t#ultib3-57329588869d00022b13a9 .ultb3-btn:hover {\r\n\t\t\t\t\t\tbackground:#1e73be;color:#ffffff;\r\n\t\t\t\t\t}\r\n\t\t\t\t<\/style><\/div><\/div><\/div><\/div><div class=\"vc_row-full-width vc_clearfix\"><\/div><div class=\"vc_row wpb_row vc_row-fluid\"><div class=\"wpb_column vc_column_container vc_col-sm-6\"><div class=\"vc_column-inner\"><div class=\"wpb_wrapper\">\n\t<div class=\"wpb_raw_code wpb_content_element wpb_raw_html\" >\n\t\t<div class=\"wpb_wrapper\">\n\t\t\t<video style=\"max-width: 100%;\" autoplay=\"autoplay\" loop=\"\">\n                            <source src=\"https:\/\/neoscloudllc.com\/wp-content\/uploads\/2021\/11\/Screen-Recording-2021-11-12-at-9.03.24-AM.mp4\" type=\"video\/mp4\">\n                        <\/video>\n\t\t<\/div>\n\t<\/div>\n<\/div><\/div><\/div><div class=\"wpb_column vc_column_container vc_col-sm-6\"><div class=\"vc_column-inner\"><div class=\"wpb_wrapper\"><div class=\"ult-just-icon-wrapper\"><div class=\"align-icon\" style=\"text-align:center;\">\n<div class=\"aio-icon-img\" style=\"font-size:200px;display:inline-block;\" >\n\t<img decoding=\"async\" class=\"img-icon\" alt=\"null\" src=\"https:\/\/neoscloudllc.com\/wp-content\/uploads\/2021\/09\/NeosCRM-White.png\"\/>\n<\/div><\/div><\/div>\n\t<div class=\"wpb_text_column wpb_content_element  vc_custom_1636722017889 white-text\" >\n\t\t<div class=\"wpb_wrapper\">\n\t\t\t<h3 style=\"text-align: center;\"><span style=\"color: #ffffff;\"><strong>NeosCRM es nuestra vision de c\u00f3mo deber\u00eda ser una soluci\u00f3n CRM de \u00faltima generaci\u00f3n y todo fue dise\u00f1ado desde cero por nuestro equipo.<\/strong><\/span><\/h3>\n<h3 style=\"text-align: center;\"><span style=\"color: #ffffff;\"><strong>Fue construido utilizando tecnolog\u00edas de vanguardia para garantizar que nos mantengamos al frente de los demas y que tengamos el mejor rendimiento posible.<\/strong><\/span><\/h3>\n<h3 style=\"text-align: center;\"><span style=\"color: #ffffff;\"><strong>NeosCRM le ayudar\u00e1 a organizar, automatizar y sincronizar las ventas, el marketing, el servicio al cliente y el soporte t\u00e9cnico.<\/strong><\/span><\/h3>\n\n\t\t<\/div>\n\t<\/div>\n<div class=\"vc_btn3-container vc_btn3-center\" ><a class=\"vc_general vc_btn3 vc_btn3-size-lg vc_btn3-shape-rounded vc_btn3-style-flat vc_btn3-block vc_btn3-color-blue\" href=\"https:\/\/neoscrm.com\/\" title=\"\" target=\"_blank\">Ir a la pagina del producto<\/a><\/div><\/div><\/div><\/div><\/div><!-- Row Backgrounds --><div class=\"upb_color\" data-bg-override=\"full\" data-bg-color=\"#22313f\" data-fadeout=\"\" data-fadeout-percentage=\"30\" data-parallax-content=\"\" data-parallax-content-sense=\"30\" data-row-effect-mobile-disable=\"true\" data-img-parallax-mobile-disable=\"true\" data-rtl=\"false\"  data-custom-vc-row=\"\"  data-vc=\"6.1\"  data-is_old_vc=\"\"  data-theme-support=\"\"   data-overlay=\"false\" data-overlay-color=\"\" data-overlay-pattern=\"\" data-overlay-pattern-opacity=\"\" data-overlay-pattern-size=\"\"    ><\/div><div class=\"vc_row wpb_row vc_row-fluid\"><div class=\"wpb_column vc_column_container vc_col-sm-6\"><div class=\"vc_column-inner\"><div class=\"wpb_wrapper\"><div class=\"ult-just-icon-wrapper neosgoal-logo\"><div class=\"align-icon\" style=\"text-align:center;\">\n<div class=\"aio-icon-img\" style=\"font-size:200px;display:inline-block;\" >\n\t<img decoding=\"async\" class=\"img-icon\" alt=\"null\" src=\"https:\/\/neoscloudllc.com\/wp-content\/uploads\/2021\/09\/NeosGoal.png\"\/>\n<\/div><\/div><\/div>\n\t<div class=\"wpb_text_column wpb_content_element  vc_custom_1636722039715\" >\n\t\t<div class=\"wpb_wrapper\">\n\t\t\t<h3 style=\"text-align: center;\"><strong>NeosGoal es un software de gesti\u00f3n de proyectos para ayudar a las organizaciones a administrar sus recursos, proyectos y facturaci\u00f3n.<\/strong><\/h3>\n<h3 style=\"text-align: center;\"><strong>Naci\u00f3 de la necesidad de nuestro equipo de una herramienta que hiciera exactamente lo que necesit\u00e1bamos hacer, nada menos o m\u00e1s.<\/strong><\/h3>\n<h3 style=\"text-align: center;\"><strong>Reunimos a\u00f1os de experiencia para construir una soluci\u00f3n confiable y flexible para la colaboraci\u00f3n del equipo con los clientes.<\/strong><\/h3>\n\n\t\t<\/div>\n\t<\/div>\n<div class=\"vc_btn3-container vc_btn3-center\" ><a class=\"vc_general vc_btn3 vc_btn3-size-lg vc_btn3-shape-rounded vc_btn3-style-flat vc_btn3-block vc_btn3-color-blue\" href=\"https:\/\/neosgoal.com\/\" title=\"\" target=\"_blank\">Ir a la pagina del producto<\/a><\/div><\/div><\/div><\/div><div class=\"wpb_column vc_column_container vc_col-sm-6\"><div class=\"vc_column-inner\"><div class=\"wpb_wrapper\">\n\t<div class=\"wpb_raw_code wpb_content_element wpb_raw_html\" >\n\t\t<div class=\"wpb_wrapper\">\n\t\t\t<video style=\"max-width: 100%;\" autoplay=\"autoplay\" loop=\"\">\n                            <source src=\"https:\/\/neosgoal.com\/assets\/images\/NGperspective.mp4\" type=\"video\/mp4\">\n                        <\/video>\n\t\t<\/div>\n\t<\/div>\n<\/div><\/div><\/div><\/div>","protected":false},"excerpt":{"rendered":"Our ProductsSoftware solutions tailored to clients needs NeosCRM is our take on how a state-of-the-art CRM solution should be and it all was crafted from the ground up by our team. It was built using cutting-edge technologies to ensure we stay in front of the pack and that we have the best possible performance. NeosCRM [...]","protected":false},"author":2,"featured_media":0,"parent":0,"menu_order":0,"comment_status":"closed","ping_status":"closed","template":"","meta":{"ocean_post_layout":"","ocean_both_sidebars_style":"","ocean_both_sidebars_content_width":0,"ocean_both_sidebars_sidebars_width":0,"ocean_sidebar":"0","ocean_second_sidebar":"0","ocean_disable_margins":"enable","ocean_add_body_class":"","ocean_shortcode_before_top_bar":"","ocean_shortcode_after_top_bar":"","ocean_shortcode_before_header":"","ocean_shortcode_after_header":"","ocean_has_shortcode":"","ocean_shortcode_after_title":"","ocean_shortcode_before_footer_widgets":"","ocean_shortcode_after_footer_widgets":"","ocean_shortcode_before_footer_bottom":"","ocean_shortcode_after_footer_bottom":"","ocean_display_top_bar":"default","ocean_display_header":"default","ocean_header_style":"","ocean_center_header_left_menu":"0","ocean_custom_header_template":"0","ocean_custom_logo":0,"ocean_custom_retina_logo":0,"ocean_custom_logo_max_width":0,"ocean_custom_logo_tablet_max_width":0,"ocean_custom_logo_mobile_max_width":0,"ocean_custom_logo_max_height":0,"ocean_custom_logo_tablet_max_height":0,"ocean_custom_logo_mobile_max_height":0,"ocean_header_custom_menu":"0","ocean_menu_typo_font_family":"0","ocean_menu_typo_font_subset":"","ocean_menu_typo_font_size":0,"ocean_menu_typo_font_size_tablet":0,"ocean_menu_typo_font_size_mobile":0,"ocean_menu_typo_font_size_unit":"px","ocean_menu_typo_font_weight":"","ocean_menu_typo_font_weight_tablet":"","ocean_menu_typo_font_weight_mobile":"","ocean_menu_typo_transform":"","ocean_menu_typo_transform_tablet":"","ocean_menu_typo_transform_mobile":"","ocean_menu_typo_line_height":0,"ocean_menu_typo_line_height_tablet":0,"ocean_menu_typo_line_height_mobile":0,"ocean_menu_typo_line_height_unit":"","ocean_menu_typo_spacing":0,"ocean_menu_typo_spacing_tablet":0,"ocean_menu_typo_spacing_mobile":0,"ocean_menu_typo_spacing_unit":"","ocean_menu_link_color":"","ocean_menu_link_color_hover":"","ocean_menu_link_color_active":"","ocean_menu_link_background":"","ocean_menu_link_hover_background":"","ocean_menu_link_active_background":"","ocean_menu_social_links_bg":"","ocean_menu_social_hover_links_bg":"","ocean_menu_social_links_color":"","ocean_menu_social_hover_links_color":"","ocean_disable_title":"default","ocean_disable_heading":"default","ocean_post_title":"","ocean_post_subheading":"","ocean_post_title_style":"","ocean_post_title_background_color":"","ocean_post_title_background":0,"ocean_post_title_bg_image_position":"","ocean_post_title_bg_image_attachment":"","ocean_post_title_bg_image_repeat":"","ocean_post_title_bg_image_size":"","ocean_post_title_height":0,"ocean_post_title_bg_overlay":0.5,"ocean_post_title_bg_overlay_color":"","ocean_disable_breadcrumbs":"default","ocean_breadcrumbs_color":"","ocean_breadcrumbs_separator_color":"","ocean_breadcrumbs_links_color":"","ocean_breadcrumbs_links_hover_color":"","ocean_display_footer_widgets":"default","ocean_display_footer_bottom":"default","ocean_custom_footer_template":"0","footnotes":""},"class_list":["post-11","page","type-page","status-publish","hentry","entry"],"_links":{"self":[{"href":"https:\/\/neoscloudllc.com\/es\/wp-json\/wp\/v2\/pages\/11","targetHints":{"allow":["GET"]}}],"collection":[{"href":"https:\/\/neoscloudllc.com\/es\/wp-json\/wp\/v2\/pages"}],"about":[{"href":"https:\/\/neoscloudllc.com\/es\/wp-json\/wp\/v2\/types\/page"}],"author":[{"embeddable":true,"href":"https:\/\/neoscloudllc.com\/es\/wp-json\/wp\/v2\/users\/2"}],"replies":[{"embeddable":true,"href":"https:\/\/neoscloudllc.com\/es\/wp-json\/wp\/v2\/comments?post=11"}],"version-history":[{"count":32,"href":"https:\/\/neoscloudllc.com\/es\/wp-json\/wp\/v2\/pages\/11\/revisions"}],"predecessor-version":[{"id":340,"href":"https:\/\/neoscloudllc.com\/es\/wp-json\/wp\/v2\/pages\/11\/revisions\/340"}],"wp:attachment":[{"href":"https:\/\/neoscloudllc.com\/es\/wp-json\/wp\/v2\/media?parent=11"}],"curies":[{"name":"wp","href":"https:\/\/api.w.org\/{rel}","templated":true}]}}