{"id":328,"date":"2021-11-12T12:34:06","date_gmt":"2021-11-12T12:34:06","guid":{"rendered":"https:\/\/neoscloudllc.com\/?page_id=328"},"modified":"2022-02-03T17:57:44","modified_gmt":"2022-02-03T17:57:44","slug":"customizations","status":"publish","type":"page","link":"https:\/\/neoscloudllc.com\/es\/customizations\/","title":{"rendered":"Personalizaci\u00f3nes"},"content":{"rendered":"<div data-vc-full-width=\"true\" data-vc-full-width-init=\"false\" data-vc-stretch-content=\"true\" class=\"vc_row wpb_row vc_row-fluid vc_row-no-padding\"><div class=\"banner-column wpb_column vc_column_container vc_col-sm-12\"><div class=\"vc_column-inner\"><div class=\"wpb_wrapper\"><div id=\"ultib3-70457113769d014f84e8e3\" class=\"ultb3-box ult-adjust-bottom-margin\" style=\"background-color: #ffffff;\"><div class=\"ultb3-box-overlay\" style=\"background:rgba(10,10,10,0.5);\"><\/div><img decoding=\"async\" src=\"https:\/\/neoscloudllc.com\/wp-content\/uploads\/2021\/09\/product-banner-scaled.jpeg\" style=\"\" class=\"ultb3-img ultb3-img-center\" alt=\"null\"\/><div id=\"Info-banner-wrap3471\" class=\"ultb3-info ib3-info-center\" data-animation=\"\" data-animation-delay=\"03\"><div class=\"ultb3-title ult-responsive\"  data-ultimate-target='#Info-banner-wrap3471 .ultb3-title'  data-responsive-json-new='{\"font-size\":\"\",\"line-height\":\"\"}'  style=\"font-weight:normal;color:#ffffff;\">Personalizaci\u00f3nes<\/div><div class=\"ultb3-desc ult-responsive\"  data-ultimate-target='#Info-banner-wrap3471 .ultb3-desc'  data-responsive-json-new='{\"font-size\":\"\",\"line-height\":\"\"}'  style=\"font-weight:normal;color:#ffffff;\">Soluciones dise\u00f1adas a las necesidades de nuestros clientes.<\/div><\/div><\/div><style>\r\n\t\t\t\t\t#ultib3-70457113769d014f84e8e3 {\r\n\t\t\t\t\t\tmin-height:450px;\r\n\t\t\t\t\t}\r\n\t\t\t\t\t#ultib3-70457113769d014f84e8e3 img.ultb3-img {\r\n\t\t\t\t\t\theight: px;\r\n\t\t\t\t\t}\r\n\t\t\t\t\t#ultib3-70457113769d014f84e8e3 .ultb3-btn {\r\n\t\t\t\t\t\tborder:2px solid #1e73be;border-radius:50px;color:#898989;\r\n\t\t\t\t\t}\r\n\t\t\t\t\t#ultib3-70457113769d014f84e8e3 .ultb3-btn:hover {\r\n\t\t\t\t\t\tbackground:#1e73be;color:#ffffff;\r\n\t\t\t\t\t}\r\n\t\t\t\t<\/style><\/div><\/div><\/div><\/div><div class=\"vc_row-full-width vc_clearfix\"><\/div><div class=\"vc_row wpb_row vc_row-fluid\"><div class=\"wpb_column vc_column_container vc_col-sm-6\"><div class=\"vc_column-inner\"><div class=\"wpb_wrapper\"><div class=\"aio-icon-component  vc_custom_1643910888865  center-div style_1\"><div id=\"Info-box-wrap-6992\" class=\"aio-icon-box left-icon\" style=\"\"  ><div class=\"aio-icon-left\"><div class=\"ult-just-icon-wrapper\"><div class=\"align-icon\" style=\"text-align:center;\">\n<div class=\"aio-icon none\"  style=\"color:#ffffff;font-size:32px;display:inline-block;\">\n\t<i class=\"Defaults-money\"><\/i>\n<\/div><\/div><\/div><\/div><div class=\"aio-ibd-block\"><div class=\"aio-icon-header\" ><h1 class=\"aio-icon-title ult-responsive\"  data-ultimate-target='#Info-box-wrap-6992 .aio-icon-title'  data-responsive-json-new='{\"font-size\":\"\",\"line-height\":\"\"}'  style=\"font-weight:bold;color:#ffffff;\">Nomina<\/h1><\/div> <!-- header --><\/div> <!-- aio-ibd-block --><\/div> <!-- aio-icon-box --><\/div> <!-- aio-icon-component -->\n\t<div class=\"wpb_text_column wpb_content_element  vc_custom_1643911047325 white-text\" >\n\t\t<div class=\"wpb_wrapper\">\n\t\t\t<h3 style=\"text-align: center;\"><span style=\"color: #ffffff;\"><strong>Maneje la nomina de su negocio con neoscrm.<\/strong><\/span><\/h3>\n<h3 style=\"text-align: center;\"><span style=\"color: #ffffff;\"><strong>C\u00e1lculos autom\u00e1ticos de impuestos (DGII), pago neto y actualizaci\u00f3n autom\u00e1tica de TSS cuando registre una n\u00f3mina en el sistema.<\/strong><\/span><\/h3>\n<h3 style=\"text-align: center;\"><span style=\"color: #ffffff;\"><strong>Administre toda la informaci\u00f3n y el historial de pagos de sus empleados utilizando una interfaz f\u00e1cil y simple.<\/strong><\/span><\/h3>\n\n\t\t<\/div>\n\t<\/div>\n<div class=\"vc_btn3-container vc_btn3-center\" ><a class=\"vc_general vc_btn3 vc_btn3-size-lg vc_btn3-shape-rounded vc_btn3-style-flat vc_btn3-block vc_btn3-color-blue\" href=\"https:\/\/neoscloudllc.com\/es\/payroll\/\" title=\"Personalizaci\u00f3nes\" target=\"_blank\">Ir a la pagina del producto<\/a><\/div><\/div><\/div><\/div><div class=\"wpb_column vc_column_container vc_col-sm-6\"><div class=\"vc_column-inner\"><div class=\"wpb_wrapper\">\n\t<div  class=\"wpb_single_image wpb_content_element vc_align_left\">\n\t\t\n\t\t<figure class=\"wpb_wrapper vc_figure\">\n\t\t\t<div class=\"vc_single_image-wrapper   vc_box_border_grey\"><img loading=\"lazy\" decoding=\"async\" width=\"2778\" height=\"1534\" src=\"https:\/\/neoscloudllc.com\/wp-content\/uploads\/2021\/11\/Screen-Shot-2021-11-11-at-11.34.06-AM.png\" class=\"vc_single_image-img attachment-full\" alt=\"\" srcset=\"https:\/\/neoscloudllc.com\/wp-content\/uploads\/2021\/11\/Screen-Shot-2021-11-11-at-11.34.06-AM.png 2778w, https:\/\/neoscloudllc.com\/wp-content\/uploads\/2021\/11\/Screen-Shot-2021-11-11-at-11.34.06-AM-300x166.png 300w, https:\/\/neoscloudllc.com\/wp-content\/uploads\/2021\/11\/Screen-Shot-2021-11-11-at-11.34.06-AM-1024x565.png 1024w, https:\/\/neoscloudllc.com\/wp-content\/uploads\/2021\/11\/Screen-Shot-2021-11-11-at-11.34.06-AM-768x424.png 768w, https:\/\/neoscloudllc.com\/wp-content\/uploads\/2021\/11\/Screen-Shot-2021-11-11-at-11.34.06-AM-1536x848.png 1536w, https:\/\/neoscloudllc.com\/wp-content\/uploads\/2021\/11\/Screen-Shot-2021-11-11-at-11.34.06-AM-2048x1131.png 2048w, https:\/\/neoscloudllc.com\/wp-content\/uploads\/2021\/11\/Screen-Shot-2021-11-11-at-11.34.06-AM-18x10.png 18w\" sizes=\"auto, (max-width: 2778px) 100vw, 2778px\" \/><\/div>\n\t\t<\/figure>\n\t<\/div>\n<\/div><\/div><\/div><\/div><!-- Row Backgrounds --><div class=\"upb_color\" data-bg-override=\"full\" data-bg-color=\"#22313f\" data-fadeout=\"\" data-fadeout-percentage=\"30\" data-parallax-content=\"\" data-parallax-content-sense=\"30\" data-row-effect-mobile-disable=\"true\" data-img-parallax-mobile-disable=\"true\" data-rtl=\"false\"  data-custom-vc-row=\"\"  data-vc=\"6.1\"  data-is_old_vc=\"\"  data-theme-support=\"\"   data-overlay=\"false\" data-overlay-color=\"\" data-overlay-pattern=\"\" data-overlay-pattern-opacity=\"\" data-overlay-pattern-size=\"\"    ><\/div>","protected":false},"excerpt":{"rendered":"Our CustomizationsSoftware solutions tailored to clients needs Payroll Manage the payroll of your business with ou payroll customization. Enjoy automatic calculations of taxes, net pay, and automatic update of TSS when you register a payroll in the system. Manage all your employee\u2019s info and payment history using an easy and simple interface. Go to product [...]","protected":false},"author":1,"featured_media":0,"parent":0,"menu_order":0,"comment_status":"closed","ping_status":"closed","template":"","meta":{"ocean_post_layout":"","ocean_both_sidebars_style":"","ocean_both_sidebars_content_width":0,"ocean_both_sidebars_sidebars_width":0,"ocean_sidebar":"0","ocean_second_sidebar":"0","ocean_disable_margins":"enable","ocean_add_body_class":"","ocean_shortcode_before_top_bar":"","ocean_shortcode_after_top_bar":"","ocean_shortcode_before_header":"","ocean_shortcode_after_header":"","ocean_has_shortcode":"","ocean_shortcode_after_title":"","ocean_shortcode_before_footer_widgets":"","ocean_shortcode_after_footer_widgets":"","ocean_shortcode_before_footer_bottom":"","ocean_shortcode_after_footer_bottom":"","ocean_display_top_bar":"default","ocean_display_header":"default","ocean_header_style":"","ocean_center_header_left_menu":"0","ocean_custom_header_template":"0","ocean_custom_logo":0,"ocean_custom_retina_logo":0,"ocean_custom_logo_max_width":0,"ocean_custom_logo_tablet_max_width":0,"ocean_custom_logo_mobile_max_width":0,"ocean_custom_logo_max_height":0,"ocean_custom_logo_tablet_max_height":0,"ocean_custom_logo_mobile_max_height":0,"ocean_header_custom_menu":"0","ocean_menu_typo_font_family":"0","ocean_menu_typo_font_subset":"","ocean_menu_typo_font_size":0,"ocean_menu_typo_font_size_tablet":0,"ocean_menu_typo_font_size_mobile":0,"ocean_menu_typo_font_size_unit":"px","ocean_menu_typo_font_weight":"","ocean_menu_typo_font_weight_tablet":"","ocean_menu_typo_font_weight_mobile":"","ocean_menu_typo_transform":"","ocean_menu_typo_transform_tablet":"","ocean_menu_typo_transform_mobile":"","ocean_menu_typo_line_height":0,"ocean_menu_typo_line_height_tablet":0,"ocean_menu_typo_line_height_mobile":0,"ocean_menu_typo_line_height_unit":"","ocean_menu_typo_spacing":0,"ocean_menu_typo_spacing_tablet":0,"ocean_menu_typo_spacing_mobile":0,"ocean_menu_typo_spacing_unit":"","ocean_menu_link_color":"","ocean_menu_link_color_hover":"","ocean_menu_link_color_active":"","ocean_menu_link_background":"","ocean_menu_link_hover_background":"","ocean_menu_link_active_background":"","ocean_menu_social_links_bg":"","ocean_menu_social_hover_links_bg":"","ocean_menu_social_links_color":"","ocean_menu_social_hover_links_color":"","ocean_disable_title":"default","ocean_disable_heading":"default","ocean_post_title":"","ocean_post_subheading":"","ocean_post_title_style":"","ocean_post_title_background_color":"","ocean_post_title_background":0,"ocean_post_title_bg_image_position":"","ocean_post_title_bg_image_attachment":"","ocean_post_title_bg_image_repeat":"","ocean_post_title_bg_image_size":"","ocean_post_title_height":0,"ocean_post_title_bg_overlay":0.5,"ocean_post_title_bg_overlay_color":"","ocean_disable_breadcrumbs":"default","ocean_breadcrumbs_color":"","ocean_breadcrumbs_separator_color":"","ocean_breadcrumbs_links_color":"","ocean_breadcrumbs_links_hover_color":"","ocean_display_footer_widgets":"default","ocean_display_footer_bottom":"default","ocean_custom_footer_template":"0","footnotes":""},"class_list":["post-328","page","type-page","status-publish","hentry","entry"],"_links":{"self":[{"href":"https:\/\/neoscloudllc.com\/es\/wp-json\/wp\/v2\/pages\/328","targetHints":{"allow":["GET"]}}],"collection":[{"href":"https:\/\/neoscloudllc.com\/es\/wp-json\/wp\/v2\/pages"}],"about":[{"href":"https:\/\/neoscloudllc.com\/es\/wp-json\/wp\/v2\/types\/page"}],"author":[{"embeddable":true,"href":"https:\/\/neoscloudllc.com\/es\/wp-json\/wp\/v2\/users\/1"}],"replies":[{"embeddable":true,"href":"https:\/\/neoscloudllc.com\/es\/wp-json\/wp\/v2\/comments?post=328"}],"version-history":[{"count":10,"href":"https:\/\/neoscloudllc.com\/es\/wp-json\/wp\/v2\/pages\/328\/revisions"}],"predecessor-version":[{"id":368,"href":"https:\/\/neoscloudllc.com\/es\/wp-json\/wp\/v2\/pages\/328\/revisions\/368"}],"wp:attachment":[{"href":"https:\/\/neoscloudllc.com\/es\/wp-json\/wp\/v2\/media?parent=328"}],"curies":[{"name":"wp","href":"https:\/\/api.w.org\/{rel}","templated":true}]}}